{"id":186,"date":"2023-04-01T08:35:09","date_gmt":"2023-04-01T06:35:09","guid":{"rendered":"https:\/\/authoradvise.com\/?page_id=186"},"modified":"2023-04-01T08:36:43","modified_gmt":"2023-04-01T06:36:43","slug":"scrivener","status":"publish","type":"page","link":"https:\/\/authoradvise.com\/fr\/scrivener\/","title":{"rendered":"Scrivener"},"content":{"rendered":"<div class=\"et_d4_element et_pb_section et_pb_section_0 et_pb_with_background  et_pb_css_mix_blend_mode et_section_regular et_block_section\" >\n\t\t\t\t\n\t\t\t\t\n\t\t\t\t\n\t\t\t\t\n\t\t\t\t\n\t\t\t\t\n\t\t\t\t<div class=\"et_d4_element et_pb_row et_pb_row_0  et_pb_css_mix_blend_mode et_block_row\">\n\t\t\t\t<div class=\"et_d4_element et_pb_column_1_2 et_pb_column et_pb_column_0  et_pb_css_mix_blend_mode et_block_column\">\n\t\t\t\t\n\t\t\t\t\n\t\t\t\t\n\t\t\t\t\n\t\t\t\t<div class=\"et_pb_module et_d4_element et_pb_blurb et_pb_blurb_0  et_pb_text_align_left  et_pb_blurb_position_left et_block_module et_pb_bg_layout_light\">\n\t\t\t\t\n\t\t\t\t\n\t\t\t\t\n\t\t\t\t\n\t\t\t\t<div class=\"et_pb_blurb_content\">\n\t\t\t\t\t<div class=\"et_pb_main_blurb_image et_pb_css_mix_blend_mode\"><span class=\"et_pb_image_wrap\"><span class=\"et-waypoint et_pb_animation_top et_pb_animation_top_tablet et_pb_animation_top_phone et-pb-icon\">\ue086<\/span><\/span><\/div>\n\t\t\t\t\t<div class=\"et_pb_blurb_container\">\n\t\t\t\t\t\t<h4 class=\"et_pb_module_header\"><span>About<\/span><\/h4>\n\t\t\t\t\t\t\n\t\t\t\t\t<\/div>\n\t\t\t\t<\/div>\n\t\t\t<\/div><div class=\"et_pb_module et_d4_element et_pb_text et_pb_text_0  et_pb_text_align_left et_pb_bg_layout_light\">\n\t\t\t\t\n\t\t\t\t\n\t\t\t\t\n\t\t\t\t\n\t\t\t\t<div class=\"et_pb_text_inner\"><h1>Scrivener<\/h1><\/div>\n\t\t\t<\/div><div class=\"et_pb_module et_d4_element et_pb_text et_pb_text_1  et_pb_text_align_left et_pb_bg_layout_light\">\n\t\t\t\t\n\t\t\t\t\n\t\t\t\t\n\t\t\t\t\n\t\t\t\t<div class=\"et_pb_text_inner\"><p><\/p>\n<h2 class=\"wp-block-heading\">\u00a0L'outil incontournable pour les auteurs<\/h2>\n<p><\/p>\n<p>&nbsp;<\/p>\n<p><\/p>\n<p>Laissez-nous vous pr\u00e9senter <a href=\"https:\/\/www.literatureandlatte.com\/scrivener-affiliate.html?fpr=authoradvise\" target=\"_blank\" rel=\"noopener\">Scrivener<\/a>, le logiciel de traitement de texte et de gestion de projet con\u00e7u sp\u00e9cifiquement pour les \u00e9crivains et les cr\u00e9ateurs de contenu. Que vous soyez romancier, sc\u00e9nariste, universitaire ou blogueur, Scrivener est l'outil parfait pour transformer vos id\u00e9es en \u0153uvres achev\u00e9es. En tant qu'affili\u00e9 de Scrivener, nous sommes fiers de vous pr\u00e9senter ce logiciel r\u00e9volutionnaire qui changera votre mani\u00e8re de travailler.<\/p>\n<p><\/p><\/div>\n\t\t\t<\/div>\n\t\t\t<\/div><div class=\"et_d4_element et_pb_column_1_2 et_pb_column et_pb_column_1  et_pb_css_mix_blend_mode et-last-child et_block_column\">\n\t\t\t\t\n\t\t\t\t\n\t\t\t\t\n\t\t\t\t\n\t\t\t\t<div class=\"et_pb_module et_d4_element et_pb_image et_pb_image_0\">\n\t\t\t\t\n\t\t\t\t\n\t\t\t\t\n\t\t\t\t\n\t\t\t\t<span class=\"et_pb_image_wrap \"><img loading=\"lazy\" decoding=\"async\" width=\"1651\" height=\"1861\" src=\"http:\/\/authoradvise.com\/wp-content\/uploads\/sites\/9\/2023\/03\/image-mask-2.png\" alt=\"\" title=\"image-mask-2\" srcset=\"https:\/\/authoradvise.com\/wp-content\/uploads\/sites\/9\/2023\/03\/image-mask-2.png 1651w, https:\/\/authoradvise.com\/wp-content\/uploads\/sites\/9\/2023\/03\/image-mask-2-1280x1443.png 1280w, https:\/\/authoradvise.com\/wp-content\/uploads\/sites\/9\/2023\/03\/image-mask-2-980x1105.png 980w, https:\/\/authoradvise.com\/wp-content\/uploads\/sites\/9\/2023\/03\/image-mask-2-480x541.png 480w\" sizes=\"(min-width: 0px) and (max-width: 480px) 480px, (min-width: 481px) and (max-width: 980px) 980px, (min-width: 981px) and (max-width: 1280px) 1280px, (min-width: 1281px) 1651px, 100vw\" class=\"wp-image-51\" \/><\/span>\n\t\t\t<\/div><div class=\"et_pb_module et_d4_element et_pb_divider_0 et_pb_space et_pb_divider_hidden\"><div class=\"et_pb_divider_internal\"><\/div><\/div>\n\t\t\t<\/div>\n\t\t\t\t\n\t\t\t\t\n\t\t\t\t\n\t\t\t\t\n\t\t\t<\/div>\n\t\t\t\t\n\t\t\t\t\n\t\t\t<\/div><div class=\"et_d4_element et_pb_section et_pb_section_1 et_pb_with_background  et_pb_css_mix_blend_mode et_section_regular et_block_section\" >\n\t\t\t\t\n\t\t\t\t\n\t\t\t\t\n\t\t\t\t\n\t\t\t\t\n\t\t\t\t\n\t\t\t\t<div class=\"et_d4_element et_pb_row et_pb_row_1  et_pb_css_mix_blend_mode et_block_row\">\n\t\t\t\t<div class=\"et_d4_element et_pb_column_1_2 et_pb_column et_pb_column_2  et_pb_css_mix_blend_mode et_block_column\">\n\t\t\t\t\n\t\t\t\t\n\t\t\t\t\n\t\t\t\t\n\t\t\t\t<div class=\"et_pb_module et_d4_element et_pb_text et_pb_text_2  et_pb_text_align_left et_pb_bg_layout_light\">\n\t\t\t\t\n\t\t\t\t\n\t\t\t\t\n\t\t\t\t\n\t\t\t\t<div class=\"et_pb_text_inner\"><p><strong>Fonctionnalit\u00e9s cl\u00e9s<\/strong><\/p>\n<ol>\n<li>Organisation intuitive des projets : <a href=\"https:\/\/www.literatureandlatte.com\/scrivener-affiliate.html?fpr=authoradvise\" target=\"_blank\" rel=\"noopener\">Scrivener<\/a> vous permet de structurer et d'organiser vos projets en chapitres, sc\u00e8nes ou parties. Vous pouvez facilement d\u00e9placer des sections enti\u00e8res de texte, ajouter ou supprimer des \u00e9l\u00e9ments et r\u00e9organiser votre travail \u00e0 votre guise.<\/li>\n<li>Mode \u00e9cran scind\u00e9 : Cette fonctionnalit\u00e9 vous permet de travailler sur deux documents en m\u00eame temps, facilitant ainsi la comparaison et le transfert d'informations entre diff\u00e9rentes parties de votre projet.<\/li>\n<li>Cartes et synopsis : Cr\u00e9ez des cartes et des synopsis pour chaque section de votre projet afin d'avoir une vue d'ensemble de votre travail et de garder une trace de vos id\u00e9es.<\/li>\n<li>Mode plein \u00e9cran sans distraction : Concentrez-vous sur l'\u00e9criture en utilisant le mode plein \u00e9cran, qui masque toutes les distractions et vous permet de vous immerger pleinement dans votre travail.<\/li>\n<li>Recherche et r\u00e9f\u00e9rences : <a href=\"https:\/\/www.literatureandlatte.com\/scrivener-affiliate.html?fpr=authoradvise\" target=\"_blank\" rel=\"noopener\">Scrivener<\/a> poss\u00e8de un puissant syst\u00e8me de recherche et vous permet d'importer et d'organiser des documents de r\u00e9f\u00e9rence pour faciliter la consultation de vos recherches.<\/li>\n<li>Mise en forme et exportation : Personnalisez la mise en forme de votre texte et exportez votre projet dans diff\u00e9rents formats, tels que Word, PDF, ePub, Kindle et bien d'autres.<\/li>\n<li>Synchronisation avec d'autres appareils : <a href=\"https:\/\/www.literatureandlatte.com\/scrivener-affiliate.html?fpr=authoradvise\" target=\"_blank\" rel=\"noopener\">Scrivener<\/a> est compatible avec Windows, macOS et iOS, ce qui vous permet de synchroniser votre travail entre diff\u00e9rents appareils et de poursuivre votre \u00e9criture o\u00f9 que vous soyez.<\/li>\n<\/ol><\/div>\n\t\t\t<\/div>\n\t\t\t<\/div><div class=\"et_d4_element et_pb_column_1_2 et_pb_column et_pb_column_3  et_pb_css_mix_blend_mode et-last-child et_block_column\">\n\t\t\t\t\n\t\t\t\t\n\t\t\t\t\n\t\t\t\t\n\t\t\t\t<div class=\"et_pb_module et_d4_element et_pb_text et_pb_text_3  et_pb_text_align_left et_pb_bg_layout_light\">\n\t\t\t\t\n\t\t\t\t\n\t\t\t\t\n\t\t\t\t\n\t\t\t\t<div class=\"et_pb_text_inner\"><p><strong>Pourquoi choisir <a href=\"https:\/\/www.literatureandlatte.com\/scrivener-affiliate.html?fpr=authoradvise\" target=\"_blank\" rel=\"noopener\">Scrivener<\/a> ?<\/strong><\/p>\n<p>Scrivener est bien plus qu'un simple traitement de texte. Il a \u00e9t\u00e9 con\u00e7u en gardant \u00e0 l'esprit les besoins sp\u00e9cifiques des \u00e9crivains et des cr\u00e9atifs. Gr\u00e2ce \u00e0 ses fonctionnalit\u00e9s avanc\u00e9es et \u00e0 son interface conviviale, Scrivener facilite la gestion de projets complexes et vous aide \u00e0 rester organis\u00e9 et concentr\u00e9 tout au long de votre processus d'\u00e9criture.<\/p>\n<p><strong>Essayez <a href=\"https:\/\/www.literatureandlatte.com\/scrivener-affiliate.html?fpr=authoradvise\" target=\"_blank\" rel=\"noopener\">Scrivener<\/a> d\u00e8s aujourd'hui<\/strong><\/p>\n<p>Ne manquez pas l'occasion de transformer votre processus d'\u00e9criture avec Scrivener. Nous vous offrons <a href=\"https:\/\/www.literatureandlatte.com\/scrivener-affiliate.html?fpr=authoradvise\" target=\"_blank\" rel=\"noopener\">Scrivener gratuit<\/a> pendant 30 jours pour l'essayer sans rique avec toutes ses fonctionnalit\u00e9s, et d\u00e9couvrez par vous-m\u00eame pourquoi tant d'auteurs et de cr\u00e9atifs font confiance \u00e0 Scrivener pour leurs projets. Et si vous d\u00e9cidez de l'adopter, n'oubliez pas d'utiliser notre lien d'affili\u00e9 pour b\u00e9n\u00e9ficier d'une r\u00e9duction exclusive.<\/p>\n<p>Alors, qu'attendez-vous ? Plongez dans l'univers de Scrivener et donnez vie \u00e0 vos id\u00e9es comme jamais auparavant.<\/p><\/div>\n\t\t\t<\/div>\n\t\t\t<\/div>\n\t\t\t\t\n\t\t\t\t\n\t\t\t\t\n\t\t\t\t\n\t\t\t<\/div>\n\t\t\t\t\n\t\t\t\t\n\t\t\t<\/div><div class=\"et_d4_element et_pb_section et_pb_section_2  et_pb_css_mix_blend_mode et_section_regular et_block_section\" >\n\t\t\t\t\n\t\t\t\t\n\t\t\t\t\n\t\t\t\t\n\t\t\t\t\n\t\t\t\t\n\t\t\t\t<div class=\"et_d4_element et_pb_row et_pb_row_2  et_pb_css_mix_blend_mode et_block_row\">\n\t\t\t\t<div class=\"et_d4_element et_pb_column_4_4 et_pb_column et_pb_column_4  et_pb_css_mix_blend_mode et-last-child et_block_column\">\n\t\t\t\t\n\t\t\t\t\n\t\t\t\t\n\t\t\t\t\n\t\t\t\t<div class=\"et_pb_module et_d4_element et_pb_cta_0 et_clickable et_pb_promo  et_pb_text_align_center et_pb_bg_layout_dark\">\n\t\t\t\t\n\t\t\t\t\n\t\t\t\t\n\t\t\t\t\n\t\t\t\t<div class=\"et_pb_promo_description\"><h2 class=\"et_pb_module_header\">T\u00e9l\u00e9chargez gratuitement Scrivener<\/h2><div><p>T\u00e9l\u00e9chargez gratuitement Scrivener<br \/>pour l'essayer sans limitation pendant 30 jours<\/p><\/div><\/div>\n\t\t\t\t\n\t\t\t<\/div>\n\t\t\t<\/div>\n\t\t\t\t\n\t\t\t\t\n\t\t\t\t\n\t\t\t\t\n\t\t\t<\/div>\n\t\t\t\t\n\t\t\t\t\n\t\t\t<\/div><div class=\"et_d4_element et_pb_section et_pb_section_3 et_pb_with_background  et_pb_css_mix_blend_mode et_section_regular et_block_section\" >\n\t\t\t\t\n\t\t\t\t\n\t\t\t\t\n\t\t\t\t\n\t\t\t\t\n\t\t\t\t\n\t\t\t\t\n\t\t\t\t\n\t\t\t\t\n\t\t\t<\/div>","protected":false},"excerpt":{"rendered":"","protected":false},"author":1,"featured_media":0,"parent":0,"menu_order":0,"comment_status":"closed","ping_status":"closed","template":"","meta":{"_et_pb_use_builder":"on","_et_pb_old_content":"","_et_gb_content_width":"","footnotes":""},"class_list":["post-186","page","type-page","status-publish","hentry"],"_links":{"self":[{"href":"https:\/\/authoradvise.com\/fr\/wp-json\/wp\/v2\/pages\/186","targetHints":{"allow":["GET"]}}],"collection":[{"href":"https:\/\/authoradvise.com\/fr\/wp-json\/wp\/v2\/pages"}],"about":[{"href":"https:\/\/authoradvise.com\/fr\/wp-json\/wp\/v2\/types\/page"}],"author":[{"embeddable":true,"href":"https:\/\/authoradvise.com\/fr\/wp-json\/wp\/v2\/users\/1"}],"replies":[{"embeddable":true,"href":"https:\/\/authoradvise.com\/fr\/wp-json\/wp\/v2\/comments?post=186"}],"version-history":[{"count":0,"href":"https:\/\/authoradvise.com\/fr\/wp-json\/wp\/v2\/pages\/186\/revisions"}],"wp:attachment":[{"href":"https:\/\/authoradvise.com\/fr\/wp-json\/wp\/v2\/media?parent=186"}],"curies":[{"name":"wp","href":"https:\/\/api.w.org\/{rel}","templated":true}]}}